{"id":2708,"date":"2024-07-09T20:23:11","date_gmt":"2024-07-09T17:23:11","guid":{"rendered":"https:\/\/optimedhospital.com\/persoana-de-contact\/"},"modified":"2025-05-06T14:56:24","modified_gmt":"2025-05-06T11:56:24","slug":"persoana-de-contact","status":"publish","type":"page","link":"https:\/\/optimedhospital.com\/ro\/persoana-de-contact\/","title":{"rendered":"Persoan\u0103 de contact"},"content":{"rendered":"\t\t<div data-elementor-type=\"wp-page\" data-elementor-id=\"2708\" class=\"elementor elementor-2708 elementor-1401\" data-elementor-post-type=\"page\">\n\t\t\t\t<div class=\"elementor-element elementor-element-07f51e8 e-con-full e-flex e-con e-parent\" data-id=\"07f51e8\" data-element_type=\"container\">\n\t\t\t\t<div class=\"elementor-element elementor-element-7914e05 elementor-widget elementor-widget-shortcode\" data-id=\"7914e05\" data-element_type=\"widget\" data-widget_type=\"shortcode.default\">\n\t\t\t\t<div class=\"elementor-widget-container\">\n\t\t\t\t\t\t\t<div class=\"elementor-shortcode\">\t\t<div data-elementor-type=\"section\" data-elementor-id=\"2830\" class=\"elementor elementor-2830 elementor-697\" data-elementor-post-type=\"elementor_library\">\n\t\t\t<div class=\"elementor-element elementor-element-a17ae4f e-con-full e-flex e-con e-parent\" data-id=\"a17ae4f\" data-element_type=\"container\" data-settings=\"{&quot;background_background&quot;:&quot;classic&quot;}\">\n\t\t<div class=\"elementor-element elementor-element-73773dc e-con-full e-flex e-con e-child\" data-id=\"73773dc\" data-element_type=\"container\" data-settings=\"{&quot;background_background&quot;:&quot;classic&quot;}\">\n\t\t\t\t<div class=\"elementor-element elementor-element-630a3a6 elementor-widget-divider--view-line elementor-widget elementor-widget-divider\" data-id=\"630a3a6\" data-element_type=\"widget\" data-widget_type=\"divider.default\">\n\t\t\t\t<div class=\"elementor-widget-container\">\n\t\t\t\t\t\t\t<div class=\"elementor-divider\">\n\t\t\t<span class=\"elementor-divider-separator\">\n\t\t\t\t\t\t<\/span>\n\t\t<\/div>\n\t\t\t\t\t\t<\/div>\n\t\t\t\t<\/div>\n\t\t\t\t<\/div>\n\t\t<div class=\"elementor-element elementor-element-90832fa e-con-full e-flex e-con e-child\" data-id=\"90832fa\" data-element_type=\"container\" data-settings=\"{&quot;background_background&quot;:&quot;gradient&quot;}\">\n\t\t\t\t<div class=\"elementor-element elementor-element-d78a9a4 elementor-widget elementor-widget-shortcode\" data-id=\"d78a9a4\" data-element_type=\"widget\" data-widget_type=\"shortcode.default\">\n\t\t\t\t<div class=\"elementor-widget-container\">\n\t\t\t\t\t\t\t<div class=\"elementor-shortcode\">\t\t<div data-elementor-type=\"section\" data-elementor-id=\"2902\" class=\"elementor elementor-2902 elementor-93\" data-elementor-post-type=\"elementor_library\">\n\t\t\t<div class=\"elementor-element elementor-element-14149d7 e-con-full e-flex e-con e-child\" data-id=\"14149d7\" data-element_type=\"container\" data-settings=\"{&quot;background_background&quot;:&quot;classic&quot;}\">\n\t\t\t\t<div class=\"elementor-element elementor-element-c2e21d5 elementor-button-align-center elementor-widget elementor-widget-form\" data-id=\"c2e21d5\" data-element_type=\"widget\" data-settings=\"{&quot;step_next_label&quot;:&quot;Urm\\u0103torul&quot;,&quot;step_previous_label&quot;:&quot;Articolul precedent&quot;,&quot;button_width&quot;:&quot;100&quot;,&quot;step_type&quot;:&quot;number_text&quot;,&quot;step_icon_shape&quot;:&quot;circle&quot;}\" data-widget_type=\"form.default\">\n\t\t\t\t<div class=\"elementor-widget-container\">\n\t\t\t\t\t\t\t<form class=\"elementor-form\" method=\"post\" name=\"Formular nou\" aria-label=\"Formular nou\">\n\t\t\t<input type=\"hidden\" name=\"post_id\" value=\"2902\"\/>\n\t\t\t<input type=\"hidden\" name=\"form_id\" value=\"c2e21d5\"\/>\n\t\t\t<input type=\"hidden\" name=\"referer_title\" value=\"\" \/>\n\n\t\t\t\n\t\t\t<div class=\"elementor-form-fields-wrapper elementor-labels-above\">\n\t\t\t\t\t\t\t\t<div class=\"elementor-field-type-text elementor-field-group elementor-column elementor-field-group-name elementor-col-33 elementor-sm-50 elementor-field-required\">\n\t\t\t\t\t\t\t\t\t\t\t\t<label for=\"form-field-name\" class=\"elementor-field-label\">\n\t\t\t\t\t\t\t\tNume Prenume\t\t\t\t\t\t\t<\/label>\n\t\t\t\t\t\t\t\t\t\t\t\t\t\t<input size=\"1\" type=\"text\" name=\"form_fields[name]\" id=\"form-field-name\" class=\"elementor-field elementor-size-sm  elementor-field-textual\" placeholder=\"Scrie\u021bi numele \u0219i prenumele\" required=\"required\">\n\t\t\t\t\t\t\t\t\t\t\t<\/div>\n\t\t\t\t\t\t\t\t<div class=\"elementor-field-type-tel elementor-field-group elementor-column elementor-field-group-field_67ac1eb elementor-col-33 elementor-sm-50 elementor-field-required\">\n\t\t\t\t\t\t\t\t\t\t\t\t<label for=\"form-field-field_67ac1eb\" class=\"elementor-field-label\">\n\t\t\t\t\t\t\t\tNum\u0103r de telefon\t\t\t\t\t\t\t<\/label>\n\t\t\t\t\t\t<span class=\"ccfef-editor-intl-input\" data-id=\"form-field-field_67ac1eb\" data-field-id=\"67ac1eb\" data-default-country=\"us\" data-include-countries=\"\" data-exclude-countries=\"\" data-dial-code-visibility=\"show\" data-strict-mode=\"no\" style=\"display: none;\"><\/span>\t\t<input size=\"1\" type=\"tel\" name=\"form_fields[field_67ac1eb]\" id=\"form-field-field_67ac1eb\" class=\"elementor-field elementor-size-sm  elementor-field-textual\" placeholder=\"Telefon mobil\" required=\"required\" pattern=\"[0-9()#&amp;+*-=.]+\" title=\"Only numbers and phone characters (#, -, *, etc) are accepted.\">\n\n\t\t\t\t\t\t<\/div>\n\t\t\t\t\t\t\t\t<div class=\"elementor-field-type-email elementor-field-group elementor-column elementor-field-group-message elementor-col-33 elementor-field-required\">\n\t\t\t\t\t\t\t\t\t\t\t\t<label for=\"form-field-message\" class=\"elementor-field-label\">\n\t\t\t\t\t\t\t\tE-mail\t\t\t\t\t\t\t<\/label>\n\t\t\t\t\t\t\t\t\t\t\t\t\t\t<input size=\"1\" type=\"email\" name=\"form_fields[message]\" id=\"form-field-message\" class=\"elementor-field elementor-size-sm  elementor-field-textual\" placeholder=\"name@website.com\" required=\"required\">\n\t\t\t\t\t\t\t\t\t\t\t<\/div>\n\t\t\t\t\t\t\t\t<div class=\"elementor-field-type-checkbox elementor-field-group elementor-column elementor-field-group-email elementor-col-50\">\n\t\t\t\t\t\t\t\t\t\t\t\t<label for=\"form-field-email\" class=\"elementor-field-label\">\n\t\t\t\t\t\t\t\tCOMUNICARE PREFERAT\u0102\t\t\t\t\t\t\t<\/label>\n\t\t\t\t\t\t<div class=\"elementor-field-subgroup  \"><span class=\"elementor-field-option\"><input type=\"checkbox\" value=\"Prin Whatsapp text\" id=\"form-field-email-0\" name=\"form_fields[email][]\"> <label for=\"form-field-email-0\">Prin Whatsapp text<\/label><\/span><span class=\"elementor-field-option\"><input type=\"checkbox\" value=\"Prin Whatsapp apel\" id=\"form-field-email-1\" name=\"form_fields[email][]\"> <label for=\"form-field-email-1\">Prin Whatsapp apel<\/label><\/span><span class=\"elementor-field-option\"><input type=\"checkbox\" value=\"Prin e-mail\" id=\"form-field-email-2\" name=\"form_fields[email][]\"> <label for=\"form-field-email-2\">Prin e-mail<\/label><\/span><\/div>\t\t\t\t<\/div>\n\t\t\t\t\t\t\t\t<div class=\"elementor-field-type-textarea elementor-field-group elementor-column elementor-field-group-field_ee894de elementor-col-50\">\n\t\t\t\t\t\t\t\t\t\t\t\t<label for=\"form-field-field_ee894de\" class=\"elementor-field-label\">\n\t\t\t\t\t\t\t\tMesaj\t\t\t\t\t\t\t<\/label>\n\t\t\t\t\t\t<textarea class=\"elementor-field-textual elementor-field  elementor-size-sm\" name=\"form_fields[field_ee894de]\" id=\"form-field-field_ee894de\" rows=\"4\" placeholder=\"scrie\u021bi nota sau mesajul dvs.\"><\/textarea>\t\t\t\t<\/div>\n\t\t\t\t\t\t\t\t<div class=\"elementor-field-type-acceptance elementor-field-group elementor-column elementor-field-group-field_0b13754 elementor-col-100 elementor-field-required\">\n\t\t\t\t\t\t\t\t\t\t\t\t<label for=\"form-field-field_0b13754\" class=\"elementor-field-label\">\n\t\t\t\t\t\t\t\tTermeni de utilizare\t\t\t\t\t\t\t<\/label>\n\t\t\t\t\t\t\t\t<div class=\"elementor-field-subgroup\">\n\t\t\t<span class=\"elementor-field-option\">\n\t\t\t\t<input type=\"checkbox\" name=\"form_fields[field_0b13754]\" id=\"form-field-field_0b13754\" class=\"elementor-field elementor-size-sm  elementor-acceptance-field\" required=\"required\">\n\t\t\t\t\t\t\t<\/span>\n\t\t<\/div>\n\t\t\t\t\t\t<\/div>\n\t\t\t\t\t\t\t\t<div class=\"elementor-field-type-html elementor-field-group elementor-column elementor-field-group-field_f99575e elementor-col-100\">\n\t\t\t\t\t<style>\n.termsofuse_class {\nmargin-left:25px;\nposition:relative;\nmargin-top:-32px\n}\n<\/style>\n\n<div class=\"termsofuse_class\">Prin trimiterea formularului de contact, sunte\u021bi de acord cu <a class=\"\" href=\"#elementor-action%3Aaction%3Dpopup%3Aopen%26settings%3DeyJpZCI6Ijg3IiwidG9nZ2xlIjpmYWxzZX0%3D\">termenii de utilizare.<\/a><\/div>\n\t\t\t\t<\/div>\n\t\t\t\t\t\t\t\t<div class=\"elementor-field-group elementor-column elementor-field-type-submit elementor-col-100 e-form__buttons\">\n\t\t\t\t\t<button class=\"elementor-button elementor-size-sm\" type=\"submit\">\n\t\t\t\t\t\t<span class=\"elementor-button-content-wrapper\">\n\t\t\t\t\t\t\t\t\t\t\t\t\t\t\t\t\t\t\t\t\t\t<span class=\"elementor-button-text\">TRIMITE\u021aI O CERERE<\/span>\n\t\t\t\t\t\t\t\t\t\t\t\t\t<\/span>\n\t\t\t\t\t<\/button>\n\t\t\t\t<\/div>\n\t\t\t<\/div>\n\t\t<\/form>\n\t\t\t\t\t\t<\/div>\n\t\t\t\t<\/div>\n\t\t\t\t<div class=\"elementor-element elementor-element-72fa879 elementor-hidden-desktop elementor-hidden-tablet elementor-hidden-mobile elementor-widget elementor-widget-heading\" data-id=\"72fa879\" data-element_type=\"widget\" data-widget_type=\"heading.default\">\n\t\t\t\t<div class=\"elementor-widget-container\">\n\t\t\t\t\t<h2 class=\"elementor-heading-title elementor-size-default\"><a href=\"#elementor-action%3Aaction%3Dpopup%3Aopen%26settings%3DeyJpZCI6MjkxMSwidG9nZ2xlIjpmYWxzZX0%3D\">Termeni de utilizare<\/a><\/h2>\t\t\t\t<\/div>\n\t\t\t\t<\/div>\n\t\t\t\t<\/div>\n\t\t\t\t<\/div>\n\t\t<\/div>\n\t\t\t\t\t\t<\/div>\n\t\t\t\t<\/div>\n\t\t\t\t<\/div>\n\t\t\t\t<\/div>\n\t\t\t\t<\/div>\n\t\t<\/div>\n\t\t\t\t\t\t<\/div>\n\t\t\t\t<\/div>\n\t\t\t\t<\/div>\n\t\t<div class=\"elementor-element elementor-element-738e51f e-flex e-con-boxed e-con e-parent\" data-id=\"738e51f\" data-element_type=\"container\">\n\t\t\t\t\t<div class=\"e-con-inner\">\n\t\t<div class=\"elementor-element elementor-element-53974af e-con-full e-flex e-con e-child\" data-id=\"53974af\" data-element_type=\"container\" data-settings=\"{&quot;background_background&quot;:&quot;classic&quot;}\">\n\t\t\t\t<div class=\"elementor-element elementor-element-fea5416 elementor-widget elementor-widget-heading\" data-id=\"fea5416\" data-element_type=\"widget\" data-widget_type=\"heading.default\">\n\t\t\t\t<div class=\"elementor-widget-container\">\n\t\t\t\t\t<h2 class=\"elementor-heading-title elementor-size-default\">Telefon<\/h2>\t\t\t\t<\/div>\n\t\t\t\t<\/div>\n\t\t<div class=\"elementor-element elementor-element-c4ba7be e-con-full e-flex e-con e-child\" data-id=\"c4ba7be\" data-element_type=\"container\">\n\t\t\t\t<div class=\"elementor-element elementor-element-ff50d0e elementor-widget-tablet__width-inherit elementor-widget elementor-widget-template\" data-id=\"ff50d0e\" data-element_type=\"widget\" data-widget_type=\"template.default\">\n\t\t\t\t<div class=\"elementor-widget-container\">\n\t\t\t\t\t\t\t<div class=\"elementor-template\">\n\t\t\t\t\t<div data-elementor-type=\"section\" data-elementor-id=\"2788\" class=\"elementor elementor-2788 elementor-1094\" data-elementor-post-type=\"elementor_library\">\n\t\t\t<div class=\"elementor-element elementor-element-c83ec70 e-con-full e-flex e-con e-child\" data-id=\"c83ec70\" data-element_type=\"container\">\n\t\t\t\t<div class=\"elementor-element elementor-element-f7b8bbc elementor-position-inline-start elementor-widget-tablet__width-initial elementor-widget-mobile__width-auto elementor-mobile-position-inline-start elementor-view-default elementor-widget elementor-widget-icon-box\" data-id=\"f7b8bbc\" data-element_type=\"widget\" data-widget_type=\"icon-box.default\">\n\t\t\t\t<div class=\"elementor-widget-container\">\n\t\t\t\t\t\t\t<div class=\"elementor-icon-box-wrapper\">\n\n\t\t\t\t\t\t<div class=\"elementor-icon-box-icon\">\n\t\t\t\t<a href=\"https:\/\/wa.me\/905417260551\/?text=Bun\u0103%20ziua,%20a\u0219%20dori%20s\u0103%20primesc%20informa\u021bii%20despre%20spitalele%20\u0219i%20tratamentele%20dumneavoastr\u0103\" target=\"_blank\" class=\"elementor-icon\" tabindex=\"-1\" aria-label=\"  +90 541 726 05 51\">\n\t\t\t\t<i aria-hidden=\"true\" class=\"fas fa-phone-alt\"><\/i>\t\t\t\t<\/a>\n\t\t\t<\/div>\n\t\t\t\n\t\t\t\t\t\t<div class=\"elementor-icon-box-content\">\n\n\t\t\t\t\t\t\t\t\t<h3 class=\"elementor-icon-box-title\">\n\t\t\t\t\t\t<a href=\"https:\/\/wa.me\/905417260551\/?text=Bun\u0103%20ziua,%20a\u0219%20dori%20s\u0103%20primesc%20informa\u021bii%20despre%20spitalele%20\u0219i%20tratamentele%20dumneavoastr\u0103\" target=\"_blank\" >\n\t\t\t\t\t\t\t  +90 541 726 05 51\t\t\t\t\t\t<\/a>\n\t\t\t\t\t<\/h3>\n\t\t\t\t\n\t\t\t\t\n\t\t\t<\/div>\n\t\t\t\n\t\t<\/div>\n\t\t\t\t\t\t<\/div>\n\t\t\t\t<\/div>\n\t\t\t\t<\/div>\n\t\t\t\t<\/div>\n\t\t\t\t<\/div>\n\t\t\t\t\t\t<\/div>\n\t\t\t\t<\/div>\n\t\t\t\t<\/div>\n\t\t\t\t<\/div>\n\t\t<div class=\"elementor-element elementor-element-86346c6 e-con-full e-flex e-con e-child\" data-id=\"86346c6\" data-element_type=\"container\" data-settings=\"{&quot;background_background&quot;:&quot;classic&quot;}\">\n\t\t\t\t<div class=\"elementor-element elementor-element-ae5586f elementor-widget elementor-widget-heading\" data-id=\"ae5586f\" data-element_type=\"widget\" data-widget_type=\"heading.default\">\n\t\t\t\t<div class=\"elementor-widget-container\">\n\t\t\t\t\t<h2 class=\"elementor-heading-title elementor-size-default\">E-mail<\/h2>\t\t\t\t<\/div>\n\t\t\t\t<\/div>\n\t\t<div class=\"elementor-element elementor-element-af3ed90 e-con-full e-flex e-con e-child\" data-id=\"af3ed90\" data-element_type=\"container\">\n\t\t\t\t<div class=\"elementor-element elementor-element-fc0b07f elementor-widget-tablet__width-inherit elementor-widget elementor-widget-template\" data-id=\"fc0b07f\" data-element_type=\"widget\" data-widget_type=\"template.default\">\n\t\t\t\t<div class=\"elementor-widget-container\">\n\t\t\t\t\t\t\t<div class=\"elementor-template\">\n\t\t\t\t\t<div data-elementor-type=\"section\" data-elementor-id=\"2781\" class=\"elementor elementor-2781 elementor-1097\" data-elementor-post-type=\"elementor_library\">\n\t\t\t<div class=\"elementor-element elementor-element-c83ec70 e-con-full e-flex e-con e-child\" data-id=\"c83ec70\" data-element_type=\"container\">\n\t\t\t\t<div class=\"elementor-element elementor-element-dd8bdab elementor-position-inline-start elementor-widget-tablet__width-initial elementor-widget-mobile__width-auto elementor-mobile-position-inline-start elementor-view-default elementor-widget elementor-widget-icon-box\" data-id=\"dd8bdab\" data-element_type=\"widget\" data-widget_type=\"icon-box.default\">\n\t\t\t\t<div class=\"elementor-widget-container\">\n\t\t\t\t\t\t\t<div class=\"elementor-icon-box-wrapper\">\n\n\t\t\t\t\t\t<div class=\"elementor-icon-box-icon\">\n\t\t\t\t<a href=\"mailto:%20info@optimedhospital.com\" target=\"_blank\" class=\"elementor-icon\" tabindex=\"-1\" aria-label=\"info@optimedhospital.com\">\n\t\t\t\t<i aria-hidden=\"true\" class=\"fas fa-envelope\"><\/i>\t\t\t\t<\/a>\n\t\t\t<\/div>\n\t\t\t\n\t\t\t\t\t\t<div class=\"elementor-icon-box-content\">\n\n\t\t\t\t\t\t\t\t\t<h3 class=\"elementor-icon-box-title\">\n\t\t\t\t\t\t<a href=\"mailto:%20info@optimedhospital.com\" target=\"_blank\" >\n\t\t\t\t\t\t\tinfo@optimedhospital.com\t\t\t\t\t\t<\/a>\n\t\t\t\t\t<\/h3>\n\t\t\t\t\n\t\t\t\t\n\t\t\t<\/div>\n\t\t\t\n\t\t<\/div>\n\t\t\t\t\t\t<\/div>\n\t\t\t\t<\/div>\n\t\t\t\t<\/div>\n\t\t\t\t<\/div>\n\t\t\t\t<\/div>\n\t\t\t\t\t\t<\/div>\n\t\t\t\t<\/div>\n\t\t\t\t<\/div>\n\t\t\t\t<\/div>\n\t\t<div class=\"elementor-element elementor-element-4da0c24 e-con-full e-flex e-con e-child\" data-id=\"4da0c24\" data-element_type=\"container\" data-settings=\"{&quot;background_background&quot;:&quot;classic&quot;}\">\n\t\t\t\t<div class=\"elementor-element elementor-element-e93db1b elementor-widget elementor-widget-heading\" data-id=\"e93db1b\" data-element_type=\"widget\" data-widget_type=\"heading.default\">\n\t\t\t\t<div class=\"elementor-widget-container\">\n\t\t\t\t\t<h2 class=\"elementor-heading-title elementor-size-default\">Adres\u0103<\/h2>\t\t\t\t<\/div>\n\t\t\t\t<\/div>\n\t\t<div class=\"elementor-element elementor-element-82297c4 e-con-full e-flex e-con e-child\" data-id=\"82297c4\" data-element_type=\"container\">\n\t\t\t\t<div class=\"elementor-element elementor-element-427ec25 elementor-widget-tablet__width-inherit elementor-widget elementor-widget-template\" data-id=\"427ec25\" data-element_type=\"widget\" data-widget_type=\"template.default\">\n\t\t\t\t<div class=\"elementor-widget-container\">\n\t\t\t\t\t\t\t<div class=\"elementor-template\">\n\t\t\t\t\t<div data-elementor-type=\"section\" data-elementor-id=\"2791\" class=\"elementor elementor-2791 elementor-1101\" data-elementor-post-type=\"elementor_library\">\n\t\t\t<div class=\"elementor-element elementor-element-c83ec70 e-con-full e-flex e-con e-child\" data-id=\"c83ec70\" data-element_type=\"container\">\n\t\t\t\t<div class=\"elementor-element elementor-element-70d894d elementor-position-inline-start elementor-widget-mobile__width-auto elementor-mobile-position-inline-start elementor-view-default elementor-widget elementor-widget-icon-box\" data-id=\"70d894d\" data-element_type=\"widget\" data-widget_type=\"icon-box.default\">\n\t\t\t\t<div class=\"elementor-widget-container\">\n\t\t\t\t\t\t\t<div class=\"elementor-icon-box-wrapper\">\n\n\t\t\t\t\t\t<div class=\"elementor-icon-box-icon\">\n\t\t\t\t<a href=\"https:\/\/www.google.com\/maps\/dir\/\/Gazi+Mustafa+Kemalpa%C5%9Fa,+Atat%C3%BCrk+Cd.+No:118,+59500+%C3%87erkezk%C3%B6y%2FTekirda%C4%9F\/@41.2946145,27.9156094,12z\/data=!4m8!4m7!1m0!1m5!1m1!1s0x14b5261fcdf7968b:0x22c162d3b0f3c5d0!2m2!1d27.9980102!2d41.2946439?entry=ttu\" target=\"_blank\" class=\"elementor-icon\" tabindex=\"-1\" aria-label=\"K\u0131l\u0131\u00e7 Ali Pa\u0219a Avenue No:36&lt;br&gt;\u00c7orlu, TURKIYE\">\n\t\t\t\t<i aria-hidden=\"true\" class=\"fas fa-map-marker-alt\"><\/i>\t\t\t\t<\/a>\n\t\t\t<\/div>\n\t\t\t\n\t\t\t\t\t\t<div class=\"elementor-icon-box-content\">\n\n\t\t\t\t\t\t\t\t\t<h3 class=\"elementor-icon-box-title\">\n\t\t\t\t\t\t<a href=\"https:\/\/www.google.com\/maps\/dir\/\/Gazi+Mustafa+Kemalpa%C5%9Fa,+Atat%C3%BCrk+Cd.+No:118,+59500+%C3%87erkezk%C3%B6y%2FTekirda%C4%9F\/@41.2946145,27.9156094,12z\/data=!4m8!4m7!1m0!1m5!1m1!1s0x14b5261fcdf7968b:0x22c162d3b0f3c5d0!2m2!1d27.9980102!2d41.2946439?entry=ttu\" target=\"_blank\" >\n\t\t\t\t\t\t\tK\u0131l\u0131\u00e7 Ali Pa\u0219a Avenue No:36<br>\u00c7orlu, TURKIYE\t\t\t\t\t\t<\/a>\n\t\t\t\t\t<\/h3>\n\t\t\t\t\n\t\t\t\t\n\t\t\t<\/div>\n\t\t\t\n\t\t<\/div>\n\t\t\t\t\t\t<\/div>\n\t\t\t\t<\/div>\n\t\t\t\t<\/div>\n\t\t\t\t<\/div>\n\t\t\t\t<\/div>\n\t\t\t\t\t\t<\/div>\n\t\t\t\t<\/div>\n\t\t\t\t<\/div>\n\t\t\t\t<\/div>\n\t\t\t\t\t<\/div>\n\t\t\t\t<\/div>\n\t\t<div class=\"elementor-element elementor-element-a89425c e-flex e-con-boxed e-con e-parent\" data-id=\"a89425c\" data-element_type=\"container\">\n\t\t\t\t\t<div class=\"e-con-inner\">\n\t\t<div class=\"elementor-element elementor-element-e514cce e-con-full e-flex e-con e-child\" data-id=\"e514cce\" data-element_type=\"container\" data-settings=\"{&quot;background_background&quot;:&quot;classic&quot;}\">\n\t\t\t\t<div class=\"elementor-element elementor-element-2134fad elementor-widget elementor-widget-heading\" data-id=\"2134fad\" data-element_type=\"widget\" data-widget_type=\"heading.default\">\n\t\t\t\t<div class=\"elementor-widget-container\">\n\t\t\t\t\t<h2 class=\"elementor-heading-title elementor-size-default\">Optimed \u0130nternational \u00c7orlu Hospital<\/h2>\t\t\t\t<\/div>\n\t\t\t\t<\/div>\n\t\t\t\t<div class=\"elementor-element elementor-element-5d2adf3 elementor-widget elementor-widget-google_maps\" data-id=\"5d2adf3\" data-element_type=\"widget\" data-widget_type=\"google_maps.default\">\n\t\t\t\t<div class=\"elementor-widget-container\">\n\t\t\t\t\t\t\t<div class=\"elementor-custom-embed\">\n\t\t\t<iframe loading=\"lazy\"\n\t\t\t\t\tsrc=\"https:\/\/maps.google.com\/maps?q=Optimed%20internaional%20%C3%87orlu%20Hospital%20&#038;t=m&#038;z=10&#038;output=embed&#038;iwloc=near\"\n\t\t\t\t\ttitle=\"Optimed internaional \u00c7orlu Hospital \"\n\t\t\t\t\taria-label=\"Optimed internaional \u00c7orlu Hospital \"\n\t\t\t><\/iframe>\n\t\t<\/div>\n\t\t\t\t\t\t<\/div>\n\t\t\t\t<\/div>\n\t\t\t\t<\/div>\n\t\t<div class=\"elementor-element elementor-element-197f42c e-con-full e-flex e-con e-child\" data-id=\"197f42c\" data-element_type=\"container\" data-settings=\"{&quot;background_background&quot;:&quot;classic&quot;}\">\n\t\t\t\t<div class=\"elementor-element elementor-element-1d57f0b elementor-widget elementor-widget-heading\" data-id=\"1d57f0b\" data-element_type=\"widget\" data-widget_type=\"heading.default\">\n\t\t\t\t<div class=\"elementor-widget-container\">\n\t\t\t\t\t<h2 class=\"elementor-heading-title elementor-size-default\">Spitalul Optimed \u00c7erkezk\u00f6y  <\/h2>\t\t\t\t<\/div>\n\t\t\t\t<\/div>\n\t\t\t\t<div class=\"elementor-element elementor-element-6c4442d elementor-widget elementor-widget-google_maps\" data-id=\"6c4442d\" data-element_type=\"widget\" data-widget_type=\"google_maps.default\">\n\t\t\t\t<div class=\"elementor-widget-container\">\n\t\t\t\t\t\t\t<div class=\"elementor-custom-embed\">\n\t\t\t<iframe loading=\"lazy\"\n\t\t\t\t\tsrc=\"https:\/\/maps.google.com\/maps?q=optimed%20%C3%A7erkezk%C3%B6yhastanesi&#038;t=m&#038;z=10&#038;output=embed&#038;iwloc=near\"\n\t\t\t\t\ttitle=\"optimed \u00e7erkezk\u00f6yhastanesi\"\n\t\t\t\t\taria-label=\"optimed \u00e7erkezk\u00f6yhastanesi\"\n\t\t\t><\/iframe>\n\t\t<\/div>\n\t\t\t\t\t\t<\/div>\n\t\t\t\t<\/div>\n\t\t\t\t<\/div>\n\t\t<div class=\"elementor-element elementor-element-9d53600 e-con-full e-flex e-con e-child\" data-id=\"9d53600\" data-element_type=\"container\" data-settings=\"{&quot;background_background&quot;:&quot;classic&quot;}\">\n\t\t\t\t<div class=\"elementor-element elementor-element-b581760 elementor-widget elementor-widget-heading\" data-id=\"b581760\" data-element_type=\"widget\" data-widget_type=\"heading.default\">\n\t\t\t\t<div class=\"elementor-widget-container\">\n\t\t\t\t\t<h2 class=\"elementor-heading-title elementor-size-default\">Spitalul Optimed Kapakl\u0131<\/h2>\t\t\t\t<\/div>\n\t\t\t\t<\/div>\n\t\t\t\t<div class=\"elementor-element elementor-element-1e060e6 elementor-widget elementor-widget-google_maps\" data-id=\"1e060e6\" data-element_type=\"widget\" data-widget_type=\"google_maps.default\">\n\t\t\t\t<div class=\"elementor-widget-container\">\n\t\t\t\t\t\t\t<div class=\"elementor-custom-embed\">\n\t\t\t<iframe loading=\"lazy\"\n\t\t\t\t\tsrc=\"https:\/\/maps.google.com\/maps?q=optimed%20kapakl%C4%B1&#038;t=m&#038;z=10&#038;output=embed&#038;iwloc=near\"\n\t\t\t\t\ttitle=\"optimed kapakl\u0131\"\n\t\t\t\t\taria-label=\"optimed kapakl\u0131\"\n\t\t\t><\/iframe>\n\t\t<\/div>\n\t\t\t\t\t\t<\/div>\n\t\t\t\t<\/div>\n\t\t\t\t<\/div>\n\t\t\t\t\t<\/div>\n\t\t\t\t<\/div>\n\t\t\t\t<\/div>\n\t\t","protected":false},"excerpt":{"rendered":"<p>Telefon E-mail Adres\u0103 Optimed \u0130nternational \u00c7orlu Hospital Spitalul Optimed \u00c7erkezk\u00f6y Spitalul Optimed Kapakl\u0131<\/p>\n","protected":false},"author":1,"featured_media":0,"parent":0,"menu_order":0,"comment_status":"closed","ping_status":"closed","template":"","meta":{"_acf_changed":false,"footnotes":""},"class_list":["post-2708","page","type-page","status-publish","hentry"],"acf":[],"_links":{"self":[{"href":"https:\/\/optimedhospital.com\/ro\/wp-json\/wp\/v2\/pages\/2708","targetHints":{"allow":["GET"]}}],"collection":[{"href":"https:\/\/optimedhospital.com\/ro\/wp-json\/wp\/v2\/pages"}],"about":[{"href":"https:\/\/optimedhospital.com\/ro\/wp-json\/wp\/v2\/types\/page"}],"author":[{"embeddable":true,"href":"https:\/\/optimedhospital.com\/ro\/wp-json\/wp\/v2\/users\/1"}],"replies":[{"embeddable":true,"href":"https:\/\/optimedhospital.com\/ro\/wp-json\/wp\/v2\/comments?post=2708"}],"version-history":[{"count":2,"href":"https:\/\/optimedhospital.com\/ro\/wp-json\/wp\/v2\/pages\/2708\/revisions"}],"predecessor-version":[{"id":3797,"href":"https:\/\/optimedhospital.com\/ro\/wp-json\/wp\/v2\/pages\/2708\/revisions\/3797"}],"wp:attachment":[{"href":"https:\/\/optimedhospital.com\/ro\/wp-json\/wp\/v2\/media?parent=2708"}],"curies":[{"name":"wp","href":"https:\/\/api.w.org\/{rel}","templated":true}]}}